{"id":7983,"date":"2021-11-29T11:39:25","date_gmt":"2021-11-29T10:39:25","guid":{"rendered":"https:\/\/hotelmondonedo.es\/reserve\/"},"modified":"2022-02-21T20:18:53","modified_gmt":"2022-02-21T19:18:53","slug":"reserve","status":"publish","type":"page","link":"https:\/\/hotelmondonedo.es\/en\/reserve\/","title":{"rendered":"booking"},"content":{"rendered":"\t\t<div data-elementor-type=\"wp-page\" data-elementor-id=\"7983\" class=\"elementor elementor-7983\" data-elementor-settings=\"[]\">\n\t\t\t\t\t\t\t<div class=\"elementor-section-wrap\">\n\t\t\t\t\t\t\t<section class=\"elementor-section elementor-top-section elementor-element elementor-element-31a2dbc0 elementor-section-stretched elementor-section-content-middle elementor-section-boxed elementor-section-height-default elementor-section-height-default\" data-id=\"31a2dbc0\" data-element_type=\"section\" data-settings=\"{&quot;stretch_section&quot;:&quot;section-stretched&quot;,&quot;background_background&quot;:&quot;classic&quot;}\">\n\t\t\t\t\t\t\t<div class=\"elementor-background-overlay\"><\/div>\n\t\t\t\t\t\t\t<div class=\"elementor-container elementor-column-gap-default\">\n\t\t\t\t\t<div class=\"elementor-column elementor-col-100 elementor-top-column elementor-element elementor-element-2280ac9f\" data-id=\"2280ac9f\" data-element_type=\"column\">\n\t\t\t<div class=\"elementor-widget-wrap elementor-element-populated\">\n\t\t\t\t\t\t\t\t<div class=\"elementor-element elementor-element-36610be8 elementor-widget elementor-widget-heading\" data-id=\"36610be8\" data-element_type=\"widget\" data-widget_type=\"heading.default\">\n\t\t\t\t<div class=\"elementor-widget-container\">\n\t\t\t<style>\/*! elementor - v3.5.6 - 28-02-2022 *\/\n.elementor-heading-title{padding:0;margin:0;line-height:1}.elementor-widget-heading .elementor-heading-title[class*=elementor-size-]>a{color:inherit;font-size:inherit;line-height:inherit}.elementor-widget-heading .elementor-heading-title.elementor-size-small{font-size:15px}.elementor-widget-heading .elementor-heading-title.elementor-size-medium{font-size:19px}.elementor-widget-heading .elementor-heading-title.elementor-size-large{font-size:29px}.elementor-widget-heading .elementor-heading-title.elementor-size-xl{font-size:39px}.elementor-widget-heading .elementor-heading-title.elementor-size-xxl{font-size:59px}<\/style><h1 class=\"elementor-heading-title elementor-size-default\">search<\/h1>\t\t<\/div>\n\t\t\t\t<\/div>\n\t\t\t\t\t<\/div>\n\t\t<\/div>\n\t\t\t\t\t\t\t<\/div>\n\t\t<\/section>\n\t\t\t\t<section class=\"elementor-section elementor-top-section elementor-element elementor-element-022189e elementor-section-stretched elementor-section-boxed elementor-section-height-default elementor-section-height-default\" data-id=\"022189e\" data-element_type=\"section\" data-settings=\"{&quot;stretch_section&quot;:&quot;section-stretched&quot;,&quot;background_background&quot;:&quot;classic&quot;}\">\n\t\t\t\t\t\t<div class=\"elementor-container elementor-column-gap-default\">\n\t\t\t\t\t<div class=\"elementor-column elementor-col-100 elementor-top-column elementor-element elementor-element-e9a5fa1\" data-id=\"e9a5fa1\" data-element_type=\"column\">\n\t\t\t<div class=\"elementor-widget-wrap\">\n\t\t\t\t\t\t\t\t\t<\/div>\n\t\t<\/div>\n\t\t\t\t\t\t\t<\/div>\n\t\t<\/section>\n\t\t\t\t<section class=\"elementor-section elementor-top-section elementor-element elementor-element-9af7599 elementor-section-stretched elementor-section-boxed elementor-section-height-default elementor-section-height-default\" data-id=\"9af7599\" data-element_type=\"section\" data-settings=\"{&quot;stretch_section&quot;:&quot;section-stretched&quot;,&quot;background_background&quot;:&quot;classic&quot;}\">\n\t\t\t\t\t\t\t<div class=\"elementor-background-overlay\"><\/div>\n\t\t\t\t\t\t\t<div class=\"elementor-container elementor-column-gap-default\">\n\t\t\t\t\t<div class=\"elementor-column elementor-col-100 elementor-top-column elementor-element elementor-element-8f5aef8\" data-id=\"8f5aef8\" data-element_type=\"column\">\n\t\t\t<div class=\"elementor-widget-wrap elementor-element-populated\">\n\t\t\t\t\t\t\t\t<div class=\"elementor-element elementor-element-3163a24 elementor-widget elementor-widget-shortcode\" data-id=\"3163a24\" data-element_type=\"widget\" data-widget_type=\"shortcode.default\">\n\t\t\t\t<div class=\"elementor-widget-container\">\n\t\t\t\t\t<div class=\"elementor-shortcode\">[nd_booking_search_results]<\/div>\n\t\t\t\t<\/div>\n\t\t\t\t<\/div>\n\t\t\t\t\t<\/div>\n\t\t<\/div>\n\t\t\t\t\t\t\t<\/div>\n\t\t<\/section>\n\t\t\t\t\t\t<\/div>\n\t\t\t\t\t<\/div>\n\t\t","protected":false},"excerpt":{"rendered":"<p>search 1 Buscar 2 Reservar 3 Pagar 4 Gracias [nd_booking_search_results]<\/p>\n","protected":false},"author":1,"featured_media":0,"parent":0,"menu_order":0,"comment_status":"closed","ping_status":"closed","template":"","meta":{"_joinchat":[]},"yoast_head":"<!-- This site is optimized with the Yoast SEO plugin v19.2 - https:\/\/yoast.com\/wordpress\/plugins\/seo\/ -->\n<title>Book a room in Mondo\u00f1edo &bull; Camino de Estrellas<\/title>\n<meta name=\"description\" content=\"Book your room in Mondo\u00f1edo, in Camino de Estrellas Hotel Establishment. Unique rooms in the historic center of Mondo\u00f1edo.\" \/>\n<meta name=\"robots\" content=\"index, follow, max-snippet:-1, max-image-preview:large, max-video-preview:-1\" \/>\n<link rel=\"canonical\" href=\"https:\/\/hotelmondonedo.es\/en\/reserve\/\" \/>\n<meta property=\"og:locale\" content=\"en_US\" \/>\n<meta property=\"og:type\" content=\"article\" \/>\n<meta property=\"og:title\" content=\"Book a room in Mondo\u00f1edo &bull; Camino de Estrellas\" \/>\n<meta property=\"og:description\" content=\"Book your room in Mondo\u00f1edo, in Camino de Estrellas Hotel Establishment. Unique rooms in the historic center of Mondo\u00f1edo.\" \/>\n<meta property=\"og:url\" content=\"https:\/\/hotelmondonedo.es\/en\/reserve\/\" \/>\n<meta property=\"og:site_name\" content=\"Camino de Estrellas\" \/>\n<meta property=\"article:modified_time\" content=\"2022-02-21T19:18:53+00:00\" \/>\n<meta name=\"author\" content=\"admin\" \/>\n<meta name=\"twitter:card\" content=\"summary_large_image\" \/>\n<script type=\"application\/ld+json\" class=\"yoast-schema-graph\">{\"@context\":\"https:\/\/schema.org\",\"@graph\":[{\"@type\":\"Organization\",\"@id\":\"https:\/\/hotelmondonedo.es\/#organization\",\"name\":\"Camino de Estrellas\",\"url\":\"https:\/\/hotelmondonedo.es\/\",\"sameAs\":[],\"logo\":{\"@type\":\"ImageObject\",\"inLanguage\":\"en-US\",\"@id\":\"https:\/\/hotelmondonedo.es\/#\/schema\/logo\/image\/\",\"url\":\"https:\/\/hotelmondonedo.es\/wp-content\/uploads\/2022\/02\/logo-retina.png\",\"contentUrl\":\"https:\/\/hotelmondonedo.es\/wp-content\/uploads\/2022\/02\/logo-retina.png\",\"width\":310,\"height\":170,\"caption\":\"Camino de Estrellas\"},\"image\":{\"@id\":\"https:\/\/hotelmondonedo.es\/#\/schema\/logo\/image\/\"}},{\"@type\":\"WebSite\",\"@id\":\"https:\/\/hotelmondonedo.es\/#website\",\"url\":\"https:\/\/hotelmondonedo.es\/\",\"name\":\"Camino de Estrellas\",\"description\":\"Establecimiento Hotelero en Mondo\u00f1edo, Lugo.\",\"publisher\":{\"@id\":\"https:\/\/hotelmondonedo.es\/#organization\"},\"potentialAction\":[{\"@type\":\"SearchAction\",\"target\":{\"@type\":\"EntryPoint\",\"urlTemplate\":\"https:\/\/hotelmondonedo.es\/?s={search_term_string}\"},\"query-input\":\"required name=search_term_string\"}],\"inLanguage\":\"en-US\"},{\"@type\":\"WebPage\",\"@id\":\"https:\/\/hotelmondonedo.es\/en\/reserve\/#webpage\",\"url\":\"https:\/\/hotelmondonedo.es\/en\/reserve\/\",\"name\":\"Book a room in Mondo\u00f1edo &bull; Camino de Estrellas\",\"isPartOf\":{\"@id\":\"https:\/\/hotelmondonedo.es\/#website\"},\"datePublished\":\"2021-11-29T10:39:25+00:00\",\"dateModified\":\"2022-02-21T19:18:53+00:00\",\"description\":\"Book your room in Mondo\u00f1edo, in Camino de Estrellas Hotel Establishment. Unique rooms in the historic center of Mondo\u00f1edo.\",\"breadcrumb\":{\"@id\":\"https:\/\/hotelmondonedo.es\/en\/reserve\/#breadcrumb\"},\"inLanguage\":\"en-US\",\"potentialAction\":[{\"@type\":\"ReadAction\",\"target\":[\"https:\/\/hotelmondonedo.es\/en\/reserve\/\"]}]},{\"@type\":\"BreadcrumbList\",\"@id\":\"https:\/\/hotelmondonedo.es\/en\/reserve\/#breadcrumb\",\"itemListElement\":[{\"@type\":\"ListItem\",\"position\":1,\"name\":\"Portada\",\"item\":\"https:\/\/hotelmondonedo.es\/en\/accommodation\/\"},{\"@type\":\"ListItem\",\"position\":2,\"name\":\"booking\"}]}]}<\/script>\n<!-- \/ Yoast SEO plugin. -->","yoast_head_json":{"title":"Book a room in Mondo\u00f1edo &bull; Camino de Estrellas","description":"Book your room in Mondo\u00f1edo, in Camino de Estrellas Hotel Establishment. Unique rooms in the historic center of Mondo\u00f1edo.","robots":{"index":"index","follow":"follow","max-snippet":"max-snippet:-1","max-image-preview":"max-image-preview:large","max-video-preview":"max-video-preview:-1"},"canonical":"https:\/\/hotelmondonedo.es\/en\/reserve\/","og_locale":"en_US","og_type":"article","og_title":"Book a room in Mondo\u00f1edo &bull; Camino de Estrellas","og_description":"Book your room in Mondo\u00f1edo, in Camino de Estrellas Hotel Establishment. Unique rooms in the historic center of Mondo\u00f1edo.","og_url":"https:\/\/hotelmondonedo.es\/en\/reserve\/","og_site_name":"Camino de Estrellas","article_modified_time":"2022-02-21T19:18:53+00:00","author":"admin","twitter_card":"summary_large_image","schema":{"@context":"https:\/\/schema.org","@graph":[{"@type":"Organization","@id":"https:\/\/hotelmondonedo.es\/#organization","name":"Camino de Estrellas","url":"https:\/\/hotelmondonedo.es\/","sameAs":[],"logo":{"@type":"ImageObject","inLanguage":"en-US","@id":"https:\/\/hotelmondonedo.es\/#\/schema\/logo\/image\/","url":"https:\/\/hotelmondonedo.es\/wp-content\/uploads\/2022\/02\/logo-retina.png","contentUrl":"https:\/\/hotelmondonedo.es\/wp-content\/uploads\/2022\/02\/logo-retina.png","width":310,"height":170,"caption":"Camino de Estrellas"},"image":{"@id":"https:\/\/hotelmondonedo.es\/#\/schema\/logo\/image\/"}},{"@type":"WebSite","@id":"https:\/\/hotelmondonedo.es\/#website","url":"https:\/\/hotelmondonedo.es\/","name":"Camino de Estrellas","description":"Establecimiento Hotelero en Mondo\u00f1edo, Lugo.","publisher":{"@id":"https:\/\/hotelmondonedo.es\/#organization"},"potentialAction":[{"@type":"SearchAction","target":{"@type":"EntryPoint","urlTemplate":"https:\/\/hotelmondonedo.es\/?s={search_term_string}"},"query-input":"required name=search_term_string"}],"inLanguage":"en-US"},{"@type":"WebPage","@id":"https:\/\/hotelmondonedo.es\/en\/reserve\/#webpage","url":"https:\/\/hotelmondonedo.es\/en\/reserve\/","name":"Book a room in Mondo\u00f1edo &bull; Camino de Estrellas","isPartOf":{"@id":"https:\/\/hotelmondonedo.es\/#website"},"datePublished":"2021-11-29T10:39:25+00:00","dateModified":"2022-02-21T19:18:53+00:00","description":"Book your room in Mondo\u00f1edo, in Camino de Estrellas Hotel Establishment. Unique rooms in the historic center of Mondo\u00f1edo.","breadcrumb":{"@id":"https:\/\/hotelmondonedo.es\/en\/reserve\/#breadcrumb"},"inLanguage":"en-US","potentialAction":[{"@type":"ReadAction","target":["https:\/\/hotelmondonedo.es\/en\/reserve\/"]}]},{"@type":"BreadcrumbList","@id":"https:\/\/hotelmondonedo.es\/en\/reserve\/#breadcrumb","itemListElement":[{"@type":"ListItem","position":1,"name":"Portada","item":"https:\/\/hotelmondonedo.es\/en\/accommodation\/"},{"@type":"ListItem","position":2,"name":"booking"}]}]}},"_links":{"self":[{"href":"https:\/\/hotelmondonedo.es\/en\/wp-json\/wp\/v2\/pages\/7983"}],"collection":[{"href":"https:\/\/hotelmondonedo.es\/en\/wp-json\/wp\/v2\/pages"}],"about":[{"href":"https:\/\/hotelmondonedo.es\/en\/wp-json\/wp\/v2\/types\/page"}],"author":[{"embeddable":true,"href":"https:\/\/hotelmondonedo.es\/en\/wp-json\/wp\/v2\/users\/1"}],"replies":[{"embeddable":true,"href":"https:\/\/hotelmondonedo.es\/en\/wp-json\/wp\/v2\/comments?post=7983"}],"version-history":[{"count":6,"href":"https:\/\/hotelmondonedo.es\/en\/wp-json\/wp\/v2\/pages\/7983\/revisions"}],"predecessor-version":[{"id":8154,"href":"https:\/\/hotelmondonedo.es\/en\/wp-json\/wp\/v2\/pages\/7983\/revisions\/8154"}],"wp:attachment":[{"href":"https:\/\/hotelmondonedo.es\/en\/wp-json\/wp\/v2\/media?parent=7983"}],"curies":[{"name":"wp","href":"https:\/\/api.w.org\/{rel}","templated":true}]}}