{"id":7905,"date":"2022-02-20T19:32:07","date_gmt":"2022-02-20T18:32:07","guid":{"rendered":"https:\/\/hotelmondonedo.es\/santiagos-road\/"},"modified":"2022-02-21T20:27:13","modified_gmt":"2022-02-21T19:27:13","slug":"the-way-of-saint-james","status":"publish","type":"page","link":"https:\/\/hotelmondonedo.es\/en\/the-way-of-saint-james\/","title":{"rendered":"the way of saint james"},"content":{"rendered":"\t\t<div data-elementor-type=\"wp-page\" data-elementor-id=\"7905\" class=\"elementor elementor-7905 elementor-7476\" data-elementor-settings=\"[]\">\n\t\t\t\t\t\t\t<div class=\"elementor-section-wrap\">\n\t\t\t\t\t\t\t<section class=\"elementor-section elementor-top-section elementor-element elementor-element-5d24f37 elementor-section-stretched elementor-section-content-middle elementor-section-boxed elementor-section-height-default elementor-section-height-default\" data-id=\"5d24f37\" data-element_type=\"section\" data-settings=\"{&quot;stretch_section&quot;:&quot;section-stretched&quot;,&quot;background_background&quot;:&quot;classic&quot;}\">\n\t\t\t\t\t\t\t<div class=\"elementor-background-overlay\"><\/div>\n\t\t\t\t\t\t\t<div class=\"elementor-container elementor-column-gap-default\">\n\t\t\t\t\t<div class=\"elementor-column elementor-col-100 elementor-top-column elementor-element elementor-element-4b37004\" data-id=\"4b37004\" data-element_type=\"column\">\n\t\t\t<div class=\"elementor-widget-wrap elementor-element-populated\">\n\t\t\t\t\t\t\t\t<div class=\"elementor-element elementor-element-b82aae7 elementor-widget elementor-widget-heading\" data-id=\"b82aae7\" data-element_type=\"widget\" data-widget_type=\"heading.default\">\n\t\t\t\t<div class=\"elementor-widget-container\">\n\t\t\t<style>\/*! elementor - v3.5.6 - 28-02-2022 *\/\n.elementor-heading-title{padding:0;margin:0;line-height:1}.elementor-widget-heading .elementor-heading-title[class*=elementor-size-]>a{color:inherit;font-size:inherit;line-height:inherit}.elementor-widget-heading .elementor-heading-title.elementor-size-small{font-size:15px}.elementor-widget-heading .elementor-heading-title.elementor-size-medium{font-size:19px}.elementor-widget-heading .elementor-heading-title.elementor-size-large{font-size:29px}.elementor-widget-heading .elementor-heading-title.elementor-size-xl{font-size:39px}.elementor-widget-heading .elementor-heading-title.elementor-size-xxl{font-size:59px}<\/style><h1 class=\"elementor-heading-title elementor-size-default\">north way<\/h1>\t\t<\/div>\n\t\t\t\t<\/div>\n\t\t\t\t\t<\/div>\n\t\t<\/div>\n\t\t\t\t\t\t\t<\/div>\n\t\t<\/section>\n\t\t\t\t<section class=\"elementor-section elementor-top-section elementor-element elementor-element-2b3e21c elementor-section-stretched elementor-section-boxed elementor-section-height-default elementor-section-height-default\" data-id=\"2b3e21c\" data-element_type=\"section\" data-settings=\"{&quot;stretch_section&quot;:&quot;section-stretched&quot;}\">\n\t\t\t\t\t\t\t<div class=\"elementor-background-overlay\"><\/div>\n\t\t\t\t\t\t\t<div class=\"elementor-container elementor-column-gap-default\">\n\t\t\t\t\t<div class=\"elementor-column elementor-col-100 elementor-top-column elementor-element elementor-element-598dd68\" data-id=\"598dd68\" data-element_type=\"column\">\n\t\t\t<div class=\"elementor-widget-wrap elementor-element-populated\">\n\t\t\t\t\t\t\t\t<div class=\"elementor-element elementor-element-0796174 elementor-widget elementor-widget-heading\" data-id=\"0796174\" data-element_type=\"widget\" data-widget_type=\"heading.default\">\n\t\t\t\t<div class=\"elementor-widget-container\">\n\t\t\t<h5 class=\"elementor-heading-title elementor-size-default\">EXPLORE<\/h5>\t\t<\/div>\n\t\t\t\t<\/div>\n\t\t\t\t<div class=\"elementor-element elementor-element-6a33cf0 elementor-widget elementor-widget-heading\" data-id=\"6a33cf0\" data-element_type=\"widget\" data-widget_type=\"heading.default\">\n\t\t\t\t<div class=\"elementor-widget-container\">\n\t\t\t<h1 class=\"elementor-heading-title elementor-size-default\">North Way of Saint James<\/h1>\t\t<\/div>\n\t\t\t\t<\/div>\n\t\t\t\t<div class=\"elementor-element elementor-element-0257c85 elementor-widget elementor-widget-heading\" data-id=\"0257c85\" data-element_type=\"widget\" data-widget_type=\"heading.default\">\n\t\t\t\t<div class=\"elementor-widget-container\">\n\t\t\t<p class=\"elementor-heading-title elementor-size-default\">After the Primitive Way, this route, which runs along the Asturian coast and enters Galicia through the R\u00eda de Ribadeo, reached relevance in the late Middle Ages. At that time, maritime pilgrimages were at their peak and the Jubilee of the Holy Cross began to be celebrated in Oviedo.\n\nPilgrims at the end of the Middle Ages, eager to venerate relics and gain indulgences, visited Oviedo as a complement to their pious journey to Compostela.<\/p>\t\t<\/div>\n\t\t\t\t<\/div>\n\t\t\t\t\t<\/div>\n\t\t<\/div>\n\t\t\t\t\t\t\t<\/div>\n\t\t<\/section>\n\t\t\t\t<section class=\"elementor-section elementor-top-section elementor-element elementor-element-5314781 elementor-section-stretched elementor-section-full_width elementor-section-content-middle elementor-section-height-default elementor-section-height-default\" data-id=\"5314781\" data-element_type=\"section\" data-settings=\"{&quot;stretch_section&quot;:&quot;section-stretched&quot;}\">\n\t\t\t\t\t\t<div class=\"elementor-container elementor-column-gap-default\">\n\t\t\t\t\t<div class=\"elementor-column elementor-col-33 elementor-top-column elementor-element elementor-element-a10d1ed\" data-id=\"a10d1ed\" data-element_type=\"column\" data-settings=\"{&quot;background_background&quot;:&quot;classic&quot;}\">\n\t\t\t<div class=\"elementor-widget-wrap elementor-element-populated\">\n\t\t\t\t\t\t\t\t<div class=\"elementor-element elementor-element-0940c74 elementor-widget elementor-widget-spacer\" data-id=\"0940c74\" data-element_type=\"widget\" data-widget_type=\"spacer.default\">\n\t\t\t\t<div class=\"elementor-widget-container\">\n\t\t\t\t\t<div class=\"elementor-spacer\">\n\t\t\t<div class=\"elementor-spacer-inner\"><\/div>\n\t\t<\/div>\n\t\t\t\t<\/div>\n\t\t\t\t<\/div>\n\t\t\t\t\t<\/div>\n\t\t<\/div>\n\t\t\t\t<div class=\"elementor-column elementor-col-33 elementor-top-column elementor-element elementor-element-efcad43\" data-id=\"efcad43\" data-element_type=\"column\" data-settings=\"{&quot;background_background&quot;:&quot;classic&quot;}\">\n\t\t\t<div class=\"elementor-widget-wrap elementor-element-populated\">\n\t\t\t\t\t<div class=\"elementor-background-overlay\"><\/div>\n\t\t\t\t\t\t\t\t<div class=\"elementor-element elementor-element-8809cdf elementor-widget elementor-widget-image\" data-id=\"8809cdf\" data-element_type=\"widget\" data-widget_type=\"image.default\">\n\t\t\t\t<div class=\"elementor-widget-container\">\n\t\t\t<style>\/*! elementor - v3.5.6 - 28-02-2022 *\/\n.elementor-widget-image{text-align:center}.elementor-widget-image a{display:inline-block}.elementor-widget-image a img[src$=\".svg\"]{width:48px}.elementor-widget-image img{vertical-align:middle;display:inline-block}<\/style>\t\t\t\t\t\t\t\t\t\t\t\t<img width=\"217\" height=\"58\" src=\"https:\/\/hotelmondonedo.es\/wp-content\/uploads\/2022\/02\/elCaminodeSantiago_es.png\" class=\"attachment-large size-large\" alt=\"\" loading=\"lazy\" \/>\t\t\t\t\t\t\t\t\t\t\t\t\t\t\t<\/div>\n\t\t\t\t<\/div>\n\t\t\t\t\t<\/div>\n\t\t<\/div>\n\t\t\t\t<div class=\"elementor-column elementor-col-33 elementor-top-column elementor-element elementor-element-af6a485\" data-id=\"af6a485\" data-element_type=\"column\">\n\t\t\t<div class=\"elementor-widget-wrap elementor-element-populated\">\n\t\t\t\t\t\t\t\t<div class=\"elementor-element elementor-element-11e45b9 elementor-widget elementor-widget-heading\" data-id=\"11e45b9\" data-element_type=\"widget\" data-widget_type=\"heading.default\">\n\t\t\t\t<div class=\"elementor-widget-container\">\n\t\t\t<h5 class=\"elementor-heading-title elementor-size-default\">UNESCO HERITAGE<\/h5>\t\t<\/div>\n\t\t\t\t<\/div>\n\t\t\t\t<div class=\"elementor-element elementor-element-3768c33 elementor-widget elementor-widget-heading\" data-id=\"3768c33\" data-element_type=\"widget\" data-widget_type=\"heading.default\">\n\t\t\t\t<div class=\"elementor-widget-container\">\n\t\t\t<h1 class=\"elementor-heading-title elementor-size-default\">The way<\/h1>\t\t<\/div>\n\t\t\t\t<\/div>\n\t\t\t\t<div class=\"elementor-element elementor-element-58b8199 elementor-widget elementor-widget-heading\" data-id=\"58b8199\" data-element_type=\"widget\" data-widget_type=\"heading.default\">\n\t\t\t\t<div class=\"elementor-widget-container\">\n\t\t\t<p class=\"elementor-heading-title elementor-size-default\">The North Way of Saint James is the longest (longer than the French Way and the Primitive Way) of the ways that lead to Santiago de Compostela.<br>\n<br>\n\nIt is the best option to live, intensely and authentically, the essence of the Jacobean route. This path is 820 km long to Santiago and is divided into 34 stages of approximately 25 km, although many of them exceed 30 km.<br>\n<br>\nThe path runs for the most part along the coast or close to it, it is a somewhat harder route than the traditional French path but with unparalleled landscapes where the green color blends with the colors of the sea.<\/p>\t\t<\/div>\n\t\t\t\t<\/div>\n\t\t\t\t<div class=\"elementor-element elementor-element-c75cd05 elementor-align-left elementor-tablet-align-center elementor-widget elementor-widget-button\" data-id=\"c75cd05\" data-element_type=\"widget\" data-widget_type=\"button.default\">\n\t\t\t\t<div class=\"elementor-widget-container\">\n\t\t\t\t\t<div class=\"elementor-button-wrapper\">\n\t\t\t<a href=\"https:\/\/www.caminodesantiago.gal\/es\/planifica\/las-rutas\/camino-del-norte\" class=\"elementor-button-link elementor-button elementor-size-sm elementor-animation-shrink\" role=\"button\">\n\t\t\t\t\t\t<span class=\"elementor-button-content-wrapper\">\n\t\t\t\t\t\t<span class=\"elementor-button-text\">MORE INFORMATION<\/span>\n\t\t<\/span>\n\t\t\t\t\t<\/a>\n\t\t<\/div>\n\t\t\t\t<\/div>\n\t\t\t\t<\/div>\n\t\t\t\t\t<\/div>\n\t\t<\/div>\n\t\t\t\t\t\t\t<\/div>\n\t\t<\/section>\n\t\t\t\t<section class=\"elementor-section elementor-top-section elementor-element elementor-element-0fa9f67 elementor-section-full_width elementor-section-stretched elementor-section-height-default elementor-section-height-default\" data-id=\"0fa9f67\" data-element_type=\"section\" data-settings=\"{&quot;stretch_section&quot;:&quot;section-stretched&quot;}\">\n\t\t\t\t\t\t<div class=\"elementor-container elementor-column-gap-default\">\n\t\t\t\t\t<div class=\"elementor-column elementor-col-100 elementor-top-column elementor-element elementor-element-3f06195\" data-id=\"3f06195\" data-element_type=\"column\">\n\t\t\t<div class=\"elementor-widget-wrap elementor-element-populated\">\n\t\t\t\t\t\t\t\t<div class=\"elementor-element elementor-element-d5e4677 elementor-widget elementor-widget-html\" data-id=\"d5e4677\" data-element_type=\"widget\" data-widget_type=\"html.default\">\n\t\t\t\t<div class=\"elementor-widget-container\">\n\t\t\t<iframe loading=\"lazy\" src=\"https:\/\/www.google.com\/maps\/d\/embed?mid=1rQOvmMhu6gHhc_37afV3aYapNi5WT9hy&amp;ehbc=2E312F\" width=\"640\" height=\"480\"><\/iframe>\t\t<\/div>\n\t\t\t\t<\/div>\n\t\t\t\t\t<\/div>\n\t\t<\/div>\n\t\t\t\t\t\t\t<\/div>\n\t\t<\/section>\n\t\t\t\t\t\t<\/div>\n\t\t\t\t\t<\/div>\n\t\t","protected":false},"excerpt":{"rendered":"<p>north way EXPLORE North Way of Saint James After the Primitive Way, this route, which runs along the Asturian coast and enters Galicia through the R\u00eda de Ribadeo, reached relevance in the late Middle Ages. At that time, maritime pilgrimages were at their peak and the Jubilee of the Holy Cross began to be celebrated [&hellip;]<\/p>\n","protected":false},"author":1,"featured_media":0,"parent":0,"menu_order":0,"comment_status":"closed","ping_status":"closed","template":"","meta":{"_joinchat":[]},"yoast_head":"<!-- This site is optimized with the Yoast SEO plugin v19.2 - https:\/\/yoast.com\/wordpress\/plugins\/seo\/ -->\n<title>Tourism in Mondo\u00f1edo, Camino de Santiago &bull; Camino de Estrellas<\/title>\n<meta name=\"description\" content=\"Tourism in Mondo\u00f1edo, Camino de Santiago. We offer you all the information related to the Camino Norte passing through Mondo\u00f1edo.\" \/>\n<meta name=\"robots\" content=\"index, follow, max-snippet:-1, max-image-preview:large, max-video-preview:-1\" \/>\n<link rel=\"canonical\" href=\"https:\/\/hotelmondonedo.es\/en\/the-way-of-saint-james\/\" \/>\n<meta property=\"og:locale\" content=\"en_US\" \/>\n<meta property=\"og:type\" content=\"article\" \/>\n<meta property=\"og:title\" content=\"Tourism in Mondo\u00f1edo, Camino de Santiago &bull; Camino de Estrellas\" \/>\n<meta property=\"og:description\" content=\"Tourism in Mondo\u00f1edo, Camino de Santiago. We offer you all the information related to the Camino Norte passing through Mondo\u00f1edo.\" \/>\n<meta property=\"og:url\" content=\"https:\/\/hotelmondonedo.es\/en\/the-way-of-saint-james\/\" \/>\n<meta property=\"og:site_name\" content=\"Camino de Estrellas\" \/>\n<meta property=\"article:modified_time\" content=\"2022-02-21T19:27:13+00:00\" \/>\n<meta property=\"og:image\" content=\"https:\/\/hotelmondonedo.es\/wp-content\/uploads\/2022\/02\/elCaminodeSantiago_es.png\" \/>\n<meta name=\"author\" content=\"admin\" \/>\n<meta name=\"twitter:card\" content=\"summary_large_image\" \/>\n<meta name=\"twitter:label1\" content=\"Est. reading time\" \/>\n\t<meta name=\"twitter:data1\" content=\"1 minute\" \/>\n<script type=\"application\/ld+json\" class=\"yoast-schema-graph\">{\"@context\":\"https:\/\/schema.org\",\"@graph\":[{\"@type\":\"Organization\",\"@id\":\"https:\/\/hotelmondonedo.es\/#organization\",\"name\":\"Camino de Estrellas\",\"url\":\"https:\/\/hotelmondonedo.es\/\",\"sameAs\":[],\"logo\":{\"@type\":\"ImageObject\",\"inLanguage\":\"en-US\",\"@id\":\"https:\/\/hotelmondonedo.es\/#\/schema\/logo\/image\/\",\"url\":\"https:\/\/hotelmondonedo.es\/wp-content\/uploads\/2022\/02\/logo-retina.png\",\"contentUrl\":\"https:\/\/hotelmondonedo.es\/wp-content\/uploads\/2022\/02\/logo-retina.png\",\"width\":310,\"height\":170,\"caption\":\"Camino de Estrellas\"},\"image\":{\"@id\":\"https:\/\/hotelmondonedo.es\/#\/schema\/logo\/image\/\"}},{\"@type\":\"WebSite\",\"@id\":\"https:\/\/hotelmondonedo.es\/#website\",\"url\":\"https:\/\/hotelmondonedo.es\/\",\"name\":\"Camino de Estrellas\",\"description\":\"Establecimiento Hotelero en Mondo\u00f1edo, Lugo.\",\"publisher\":{\"@id\":\"https:\/\/hotelmondonedo.es\/#organization\"},\"potentialAction\":[{\"@type\":\"SearchAction\",\"target\":{\"@type\":\"EntryPoint\",\"urlTemplate\":\"https:\/\/hotelmondonedo.es\/?s={search_term_string}\"},\"query-input\":\"required name=search_term_string\"}],\"inLanguage\":\"en-US\"},{\"@type\":\"ImageObject\",\"inLanguage\":\"en-US\",\"@id\":\"https:\/\/hotelmondonedo.es\/en\/the-way-of-saint-james\/#primaryimage\",\"url\":\"https:\/\/hotelmondonedo.es\/wp-content\/uploads\/2022\/02\/elCaminodeSantiago_es.png\",\"contentUrl\":\"https:\/\/hotelmondonedo.es\/wp-content\/uploads\/2022\/02\/elCaminodeSantiago_es.png\",\"width\":217,\"height\":58},{\"@type\":\"WebPage\",\"@id\":\"https:\/\/hotelmondonedo.es\/en\/the-way-of-saint-james\/#webpage\",\"url\":\"https:\/\/hotelmondonedo.es\/en\/the-way-of-saint-james\/\",\"name\":\"Tourism in Mondo\u00f1edo, Camino de Santiago &bull; Camino de Estrellas\",\"isPartOf\":{\"@id\":\"https:\/\/hotelmondonedo.es\/#website\"},\"primaryImageOfPage\":{\"@id\":\"https:\/\/hotelmondonedo.es\/en\/the-way-of-saint-james\/#primaryimage\"},\"datePublished\":\"2022-02-20T18:32:07+00:00\",\"dateModified\":\"2022-02-21T19:27:13+00:00\",\"description\":\"Tourism in Mondo\u00f1edo, Camino de Santiago. We offer you all the information related to the Camino Norte passing through Mondo\u00f1edo.\",\"breadcrumb\":{\"@id\":\"https:\/\/hotelmondonedo.es\/en\/the-way-of-saint-james\/#breadcrumb\"},\"inLanguage\":\"en-US\",\"potentialAction\":[{\"@type\":\"ReadAction\",\"target\":[\"https:\/\/hotelmondonedo.es\/en\/the-way-of-saint-james\/\"]}]},{\"@type\":\"BreadcrumbList\",\"@id\":\"https:\/\/hotelmondonedo.es\/en\/the-way-of-saint-james\/#breadcrumb\",\"itemListElement\":[{\"@type\":\"ListItem\",\"position\":1,\"name\":\"Portada\",\"item\":\"https:\/\/hotelmondonedo.es\/en\/accommodation\/\"},{\"@type\":\"ListItem\",\"position\":2,\"name\":\"the way of saint james\"}]}]}<\/script>\n<!-- \/ Yoast SEO plugin. -->","yoast_head_json":{"title":"Tourism in Mondo\u00f1edo, Camino de Santiago &bull; Camino de Estrellas","description":"Tourism in Mondo\u00f1edo, Camino de Santiago. We offer you all the information related to the Camino Norte passing through Mondo\u00f1edo.","robots":{"index":"index","follow":"follow","max-snippet":"max-snippet:-1","max-image-preview":"max-image-preview:large","max-video-preview":"max-video-preview:-1"},"canonical":"https:\/\/hotelmondonedo.es\/en\/the-way-of-saint-james\/","og_locale":"en_US","og_type":"article","og_title":"Tourism in Mondo\u00f1edo, Camino de Santiago &bull; Camino de Estrellas","og_description":"Tourism in Mondo\u00f1edo, Camino de Santiago. We offer you all the information related to the Camino Norte passing through Mondo\u00f1edo.","og_url":"https:\/\/hotelmondonedo.es\/en\/the-way-of-saint-james\/","og_site_name":"Camino de Estrellas","article_modified_time":"2022-02-21T19:27:13+00:00","og_image":[{"url":"https:\/\/hotelmondonedo.es\/wp-content\/uploads\/2022\/02\/elCaminodeSantiago_es.png"}],"author":"admin","twitter_card":"summary_large_image","twitter_misc":{"Est. reading time":"1 minute"},"schema":{"@context":"https:\/\/schema.org","@graph":[{"@type":"Organization","@id":"https:\/\/hotelmondonedo.es\/#organization","name":"Camino de Estrellas","url":"https:\/\/hotelmondonedo.es\/","sameAs":[],"logo":{"@type":"ImageObject","inLanguage":"en-US","@id":"https:\/\/hotelmondonedo.es\/#\/schema\/logo\/image\/","url":"https:\/\/hotelmondonedo.es\/wp-content\/uploads\/2022\/02\/logo-retina.png","contentUrl":"https:\/\/hotelmondonedo.es\/wp-content\/uploads\/2022\/02\/logo-retina.png","width":310,"height":170,"caption":"Camino de Estrellas"},"image":{"@id":"https:\/\/hotelmondonedo.es\/#\/schema\/logo\/image\/"}},{"@type":"WebSite","@id":"https:\/\/hotelmondonedo.es\/#website","url":"https:\/\/hotelmondonedo.es\/","name":"Camino de Estrellas","description":"Establecimiento Hotelero en Mondo\u00f1edo, Lugo.","publisher":{"@id":"https:\/\/hotelmondonedo.es\/#organization"},"potentialAction":[{"@type":"SearchAction","target":{"@type":"EntryPoint","urlTemplate":"https:\/\/hotelmondonedo.es\/?s={search_term_string}"},"query-input":"required name=search_term_string"}],"inLanguage":"en-US"},{"@type":"ImageObject","inLanguage":"en-US","@id":"https:\/\/hotelmondonedo.es\/en\/the-way-of-saint-james\/#primaryimage","url":"https:\/\/hotelmondonedo.es\/wp-content\/uploads\/2022\/02\/elCaminodeSantiago_es.png","contentUrl":"https:\/\/hotelmondonedo.es\/wp-content\/uploads\/2022\/02\/elCaminodeSantiago_es.png","width":217,"height":58},{"@type":"WebPage","@id":"https:\/\/hotelmondonedo.es\/en\/the-way-of-saint-james\/#webpage","url":"https:\/\/hotelmondonedo.es\/en\/the-way-of-saint-james\/","name":"Tourism in Mondo\u00f1edo, Camino de Santiago &bull; Camino de Estrellas","isPartOf":{"@id":"https:\/\/hotelmondonedo.es\/#website"},"primaryImageOfPage":{"@id":"https:\/\/hotelmondonedo.es\/en\/the-way-of-saint-james\/#primaryimage"},"datePublished":"2022-02-20T18:32:07+00:00","dateModified":"2022-02-21T19:27:13+00:00","description":"Tourism in Mondo\u00f1edo, Camino de Santiago. We offer you all the information related to the Camino Norte passing through Mondo\u00f1edo.","breadcrumb":{"@id":"https:\/\/hotelmondonedo.es\/en\/the-way-of-saint-james\/#breadcrumb"},"inLanguage":"en-US","potentialAction":[{"@type":"ReadAction","target":["https:\/\/hotelmondonedo.es\/en\/the-way-of-saint-james\/"]}]},{"@type":"BreadcrumbList","@id":"https:\/\/hotelmondonedo.es\/en\/the-way-of-saint-james\/#breadcrumb","itemListElement":[{"@type":"ListItem","position":1,"name":"Portada","item":"https:\/\/hotelmondonedo.es\/en\/accommodation\/"},{"@type":"ListItem","position":2,"name":"the way of saint james"}]}]}},"_links":{"self":[{"href":"https:\/\/hotelmondonedo.es\/en\/wp-json\/wp\/v2\/pages\/7905"}],"collection":[{"href":"https:\/\/hotelmondonedo.es\/en\/wp-json\/wp\/v2\/pages"}],"about":[{"href":"https:\/\/hotelmondonedo.es\/en\/wp-json\/wp\/v2\/types\/page"}],"author":[{"embeddable":true,"href":"https:\/\/hotelmondonedo.es\/en\/wp-json\/wp\/v2\/users\/1"}],"replies":[{"embeddable":true,"href":"https:\/\/hotelmondonedo.es\/en\/wp-json\/wp\/v2\/comments?post=7905"}],"version-history":[{"count":6,"href":"https:\/\/hotelmondonedo.es\/en\/wp-json\/wp\/v2\/pages\/7905\/revisions"}],"predecessor-version":[{"id":8164,"href":"https:\/\/hotelmondonedo.es\/en\/wp-json\/wp\/v2\/pages\/7905\/revisions\/8164"}],"wp:attachment":[{"href":"https:\/\/hotelmondonedo.es\/en\/wp-json\/wp\/v2\/media?parent=7905"}],"curies":[{"name":"wp","href":"https:\/\/api.w.org\/{rel}","templated":true}]}}